{"id":320,"date":"2023-09-06T10:00:54","date_gmt":"2023-09-06T10:00:54","guid":{"rendered":"https:\/\/www.normaleskildsen.mx\/biblioteca\/?page_id=320"},"modified":"2023-09-06T10:13:59","modified_gmt":"2023-09-06T10:13:59","slug":"nuestros-servicios","status":"publish","type":"page","link":"https:\/\/www.normaleskildsen.mx\/biblioteca\/nuestros-servicios\/","title":{"rendered":"Nuestros servicios"},"content":{"rendered":"\n<div class=\"wp-block-columns is-layout-flex wp-container-core-columns-is-layout-28f84493 wp-block-columns-is-layout-flex\">\n<div class=\"wp-block-column is-layout-flow wp-block-column-is-layout-flow\" style=\"flex-basis:66.66%\"><\/div>\n\n\n\n<div class=\"wp-block-column is-layout-flow wp-block-column-is-layout-flow\" style=\"flex-basis:33.33%\"><\/div>\n<\/div>\n\n\n\n<div class=\"wp-block-columns is-layout-flex wp-container-core-columns-is-layout-28f84493 wp-block-columns-is-layout-flex\">\n<div class=\"wp-block-column is-layout-flow wp-block-column-is-layout-flow\">\n<h3 class=\"wp-block-heading\">Nuestros Servicios<\/h3>\n<\/div>\n<\/div>\n\n\n\n<div class=\"wp-block-columns is-layout-flex wp-container-core-columns-is-layout-28f84493 wp-block-columns-is-layout-flex\">\n<div class=\"wp-block-column is-layout-flow wp-block-column-is-layout-flow\"><\/div>\n<\/div>\n\n\n\n<div class=\"wp-block-columns is-layout-flex wp-container-core-columns-is-layout-28f84493 wp-block-columns-is-layout-flex\">\n<div class=\"wp-block-column is-layout-flow wp-block-column-is-layout-flow\">\n<div class=\"wp-block-columns is-layout-flex wp-container-core-columns-is-layout-28f84493 wp-block-columns-is-layout-flex\">\n<div class=\"wp-block-column is-layout-flow wp-block-column-is-layout-flow\"><\/div>\n\n\n\n<div class=\"wp-block-column is-layout-flow wp-block-column-is-layout-flow\">\n<p class=\"has-text-align-center has-tiny-font-size\">La Biblioteca Jaime Torres Bodet, ofrece algunos servicios como lo son: pr\u00e9stamo interno, pr\u00e9stamo a domicilio, consulta, orientaci\u00f3n de usuarios y servicio de internet.<\/p>\n<\/div>\n\n\n\n<div class=\"wp-block-column is-layout-flow wp-block-column-is-layout-flow\"><\/div>\n<\/div>\n<\/div>\n<\/div>\n\n\n\n<div class=\"wp-block-columns is-layout-flex wp-container-core-columns-is-layout-28f84493 wp-block-columns-is-layout-flex\">\n<div class=\"wp-block-column is-layout-flow wp-block-column-is-layout-flow\">\n<div class=\"wp-block-columns is-layout-flex wp-container-core-columns-is-layout-28f84493 wp-block-columns-is-layout-flex\">\n<div class=\"wp-block-column is-layout-flow wp-block-column-is-layout-flow\">\n<figure class=\"wp-block-image size-large\"><a href=\"https:\/\/www.normaleskildsen.mx\/biblioteca\/wp-content\/uploads\/2023\/09\/IMG_9687-scaled.jpg\"><img fetchpriority=\"high\" decoding=\"async\" width=\"1024\" height=\"683\" src=\"https:\/\/www.normaleskildsen.mx\/biblioteca\/wp-content\/uploads\/2023\/09\/IMG_9687-1024x683.jpg\" alt=\"\" class=\"wp-image-340\" srcset=\"https:\/\/www.normaleskildsen.mx\/biblioteca\/wp-content\/uploads\/2023\/09\/IMG_9687-1024x683.jpg 1024w, https:\/\/www.normaleskildsen.mx\/biblioteca\/wp-content\/uploads\/2023\/09\/IMG_9687-300x200.jpg 300w, https:\/\/www.normaleskildsen.mx\/biblioteca\/wp-content\/uploads\/2023\/09\/IMG_9687-768x512.jpg 768w, https:\/\/www.normaleskildsen.mx\/biblioteca\/wp-content\/uploads\/2023\/09\/IMG_9687-1536x1024.jpg 1536w, https:\/\/www.normaleskildsen.mx\/biblioteca\/wp-content\/uploads\/2023\/09\/IMG_9687-2048x1365.jpg 2048w\" sizes=\"(max-width: 1024px) 100vw, 1024px\" \/><\/a><\/figure>\n<\/div>\n\n\n\n<div class=\"wp-block-column is-layout-flow wp-block-column-is-layout-flow\">\n<figure class=\"wp-block-image size-large\"><a href=\"https:\/\/www.normaleskildsen.mx\/biblioteca\/wp-content\/uploads\/2023\/09\/IMG_9684-1-scaled.jpg\"><img decoding=\"async\" width=\"1024\" height=\"683\" src=\"https:\/\/www.normaleskildsen.mx\/biblioteca\/wp-content\/uploads\/2023\/09\/IMG_9684-1-1024x683.jpg\" alt=\"\" class=\"wp-image-339\" srcset=\"https:\/\/www.normaleskildsen.mx\/biblioteca\/wp-content\/uploads\/2023\/09\/IMG_9684-1-1024x683.jpg 1024w, https:\/\/www.normaleskildsen.mx\/biblioteca\/wp-content\/uploads\/2023\/09\/IMG_9684-1-300x200.jpg 300w, https:\/\/www.normaleskildsen.mx\/biblioteca\/wp-content\/uploads\/2023\/09\/IMG_9684-1-768x512.jpg 768w, https:\/\/www.normaleskildsen.mx\/biblioteca\/wp-content\/uploads\/2023\/09\/IMG_9684-1-1536x1024.jpg 1536w, https:\/\/www.normaleskildsen.mx\/biblioteca\/wp-content\/uploads\/2023\/09\/IMG_9684-1-2048x1365.jpg 2048w\" sizes=\"(max-width: 1024px) 100vw, 1024px\" \/><\/a><\/figure>\n<\/div>\n\n\n\n<div class=\"wp-block-column is-layout-flow wp-block-column-is-layout-flow\">\n<figure class=\"wp-block-image size-large\"><a href=\"https:\/\/www.normaleskildsen.mx\/biblioteca\/wp-content\/uploads\/2023\/09\/IMG_9681-scaled.jpg\"><img decoding=\"async\" width=\"1024\" height=\"683\" src=\"https:\/\/www.normaleskildsen.mx\/biblioteca\/wp-content\/uploads\/2023\/09\/IMG_9681-1024x683.jpg\" alt=\"\" class=\"wp-image-338\" srcset=\"https:\/\/www.normaleskildsen.mx\/biblioteca\/wp-content\/uploads\/2023\/09\/IMG_9681-1024x683.jpg 1024w, https:\/\/www.normaleskildsen.mx\/biblioteca\/wp-content\/uploads\/2023\/09\/IMG_9681-300x200.jpg 300w, https:\/\/www.normaleskildsen.mx\/biblioteca\/wp-content\/uploads\/2023\/09\/IMG_9681-768x512.jpg 768w, https:\/\/www.normaleskildsen.mx\/biblioteca\/wp-content\/uploads\/2023\/09\/IMG_9681-1536x1024.jpg 1536w, https:\/\/www.normaleskildsen.mx\/biblioteca\/wp-content\/uploads\/2023\/09\/IMG_9681-2048x1365.jpg 2048w\" sizes=\"(max-width: 1024px) 100vw, 1024px\" \/><\/a><\/figure>\n<\/div>\n<\/div>\n<\/div>\n<\/div>\n\n\n\n<div class=\"wp-block-columns is-layout-flex wp-container-core-columns-is-layout-28f84493 wp-block-columns-is-layout-flex\">\n<div class=\"wp-block-column is-layout-flow wp-block-column-is-layout-flow\">\n<figure class=\"wp-block-image size-large\"><a href=\"https:\/\/www.normaleskildsen.mx\/biblioteca\/wp-content\/uploads\/2023\/09\/MG_9681-scaled.jpg\"><img loading=\"lazy\" decoding=\"async\" width=\"1024\" height=\"683\" src=\"https:\/\/www.normaleskildsen.mx\/biblioteca\/wp-content\/uploads\/2023\/09\/MG_9681-1024x683.jpg\" alt=\"\" class=\"wp-image-334\" srcset=\"https:\/\/www.normaleskildsen.mx\/biblioteca\/wp-content\/uploads\/2023\/09\/MG_9681-1024x683.jpg 1024w, https:\/\/www.normaleskildsen.mx\/biblioteca\/wp-content\/uploads\/2023\/09\/MG_9681-300x200.jpg 300w, https:\/\/www.normaleskildsen.mx\/biblioteca\/wp-content\/uploads\/2023\/09\/MG_9681-768x512.jpg 768w, https:\/\/www.normaleskildsen.mx\/biblioteca\/wp-content\/uploads\/2023\/09\/MG_9681-1536x1024.jpg 1536w, https:\/\/www.normaleskildsen.mx\/biblioteca\/wp-content\/uploads\/2023\/09\/MG_9681-2048x1365.jpg 2048w\" sizes=\"(max-width: 1024px) 100vw, 1024px\" \/><\/a><\/figure>\n<\/div>\n\n\n\n<div class=\"wp-block-column is-layout-flow wp-block-column-is-layout-flow\">\n<figure class=\"wp-block-image size-large\"><a href=\"https:\/\/www.normaleskildsen.mx\/biblioteca\/wp-content\/uploads\/2023\/09\/MG_9664-scaled.jpg\"><img loading=\"lazy\" decoding=\"async\" width=\"1024\" height=\"683\" src=\"https:\/\/www.normaleskildsen.mx\/biblioteca\/wp-content\/uploads\/2023\/09\/MG_9664-1024x683.jpg\" alt=\"\" class=\"wp-image-331\" srcset=\"https:\/\/www.normaleskildsen.mx\/biblioteca\/wp-content\/uploads\/2023\/09\/MG_9664-1024x683.jpg 1024w, https:\/\/www.normaleskildsen.mx\/biblioteca\/wp-content\/uploads\/2023\/09\/MG_9664-300x200.jpg 300w, https:\/\/www.normaleskildsen.mx\/biblioteca\/wp-content\/uploads\/2023\/09\/MG_9664-768x512.jpg 768w, https:\/\/www.normaleskildsen.mx\/biblioteca\/wp-content\/uploads\/2023\/09\/MG_9664-1536x1024.jpg 1536w, https:\/\/www.normaleskildsen.mx\/biblioteca\/wp-content\/uploads\/2023\/09\/MG_9664-2048x1365.jpg 2048w\" sizes=\"(max-width: 1024px) 100vw, 1024px\" \/><\/a><\/figure>\n<\/div>\n\n\n\n<div class=\"wp-block-column is-layout-flow wp-block-column-is-layout-flow\">\n<figure class=\"wp-block-image size-large is-resized\"><a href=\"https:\/\/www.normaleskildsen.mx\/biblioteca\/wp-content\/uploads\/2023\/09\/MG_9671-scaled.jpg\"><img loading=\"lazy\" decoding=\"async\" src=\"https:\/\/www.normaleskildsen.mx\/biblioteca\/wp-content\/uploads\/2023\/09\/MG_9671-1024x683.jpg\" alt=\"\" class=\"wp-image-333\" width=\"364\" height=\"242\" srcset=\"https:\/\/www.normaleskildsen.mx\/biblioteca\/wp-content\/uploads\/2023\/09\/MG_9671-1024x683.jpg 1024w, https:\/\/www.normaleskildsen.mx\/biblioteca\/wp-content\/uploads\/2023\/09\/MG_9671-300x200.jpg 300w, https:\/\/www.normaleskildsen.mx\/biblioteca\/wp-content\/uploads\/2023\/09\/MG_9671-768x512.jpg 768w, https:\/\/www.normaleskildsen.mx\/biblioteca\/wp-content\/uploads\/2023\/09\/MG_9671-1536x1024.jpg 1536w, https:\/\/www.normaleskildsen.mx\/biblioteca\/wp-content\/uploads\/2023\/09\/MG_9671-2048x1365.jpg 2048w\" sizes=\"(max-width: 364px) 100vw, 364px\" \/><\/a><\/figure>\n<\/div>\n<\/div>\n\n\n\n<div class=\"wp-block-columns is-layout-flex wp-container-core-columns-is-layout-28f84493 wp-block-columns-is-layout-flex\">\n<div class=\"wp-block-column is-layout-flow wp-block-column-is-layout-flow\">\n<figure class=\"wp-block-image size-large\"><a href=\"https:\/\/www.normaleskildsen.mx\/biblioteca\/wp-content\/uploads\/2023\/09\/MG_9554-scaled.jpg\"><img loading=\"lazy\" decoding=\"async\" width=\"1024\" height=\"683\" src=\"https:\/\/www.normaleskildsen.mx\/biblioteca\/wp-content\/uploads\/2023\/09\/MG_9554-1024x683.jpg\" alt=\"\" class=\"wp-image-330\" srcset=\"https:\/\/www.normaleskildsen.mx\/biblioteca\/wp-content\/uploads\/2023\/09\/MG_9554-1024x683.jpg 1024w, https:\/\/www.normaleskildsen.mx\/biblioteca\/wp-content\/uploads\/2023\/09\/MG_9554-300x200.jpg 300w, https:\/\/www.normaleskildsen.mx\/biblioteca\/wp-content\/uploads\/2023\/09\/MG_9554-768x512.jpg 768w, https:\/\/www.normaleskildsen.mx\/biblioteca\/wp-content\/uploads\/2023\/09\/MG_9554-1536x1024.jpg 1536w, https:\/\/www.normaleskildsen.mx\/biblioteca\/wp-content\/uploads\/2023\/09\/MG_9554-2048x1365.jpg 2048w\" sizes=\"(max-width: 1024px) 100vw, 1024px\" \/><\/a><\/figure>\n<\/div>\n\n\n\n<div class=\"wp-block-column is-layout-flow wp-block-column-is-layout-flow\">\n<figure class=\"wp-block-image size-large\"><a href=\"https:\/\/www.normaleskildsen.mx\/biblioteca\/wp-content\/uploads\/2023\/09\/IMG_9671-scaled.jpg\"><img loading=\"lazy\" decoding=\"async\" width=\"1024\" height=\"683\" src=\"https:\/\/www.normaleskildsen.mx\/biblioteca\/wp-content\/uploads\/2023\/09\/IMG_9671-1024x683.jpg\" alt=\"\" class=\"wp-image-337\" srcset=\"https:\/\/www.normaleskildsen.mx\/biblioteca\/wp-content\/uploads\/2023\/09\/IMG_9671-1024x683.jpg 1024w, https:\/\/www.normaleskildsen.mx\/biblioteca\/wp-content\/uploads\/2023\/09\/IMG_9671-300x200.jpg 300w, https:\/\/www.normaleskildsen.mx\/biblioteca\/wp-content\/uploads\/2023\/09\/IMG_9671-768x512.jpg 768w, https:\/\/www.normaleskildsen.mx\/biblioteca\/wp-content\/uploads\/2023\/09\/IMG_9671-1536x1024.jpg 1536w, https:\/\/www.normaleskildsen.mx\/biblioteca\/wp-content\/uploads\/2023\/09\/IMG_9671-2048x1365.jpg 2048w\" sizes=\"(max-width: 1024px) 100vw, 1024px\" \/><\/a><\/figure>\n<\/div>\n\n\n\n<div class=\"wp-block-column is-layout-flow wp-block-column-is-layout-flow\">\n<figure class=\"wp-block-image size-large\"><a href=\"https:\/\/www.normaleskildsen.mx\/biblioteca\/wp-content\/uploads\/2023\/09\/MG_9669-scaled.jpg\"><img loading=\"lazy\" decoding=\"async\" width=\"1024\" height=\"683\" src=\"https:\/\/www.normaleskildsen.mx\/biblioteca\/wp-content\/uploads\/2023\/09\/MG_9669-1024x683.jpg\" alt=\"\" class=\"wp-image-332\" srcset=\"https:\/\/www.normaleskildsen.mx\/biblioteca\/wp-content\/uploads\/2023\/09\/MG_9669-1024x683.jpg 1024w, https:\/\/www.normaleskildsen.mx\/biblioteca\/wp-content\/uploads\/2023\/09\/MG_9669-300x200.jpg 300w, https:\/\/www.normaleskildsen.mx\/biblioteca\/wp-content\/uploads\/2023\/09\/MG_9669-768x512.jpg 768w, https:\/\/www.normaleskildsen.mx\/biblioteca\/wp-content\/uploads\/2023\/09\/MG_9669-1536x1024.jpg 1536w, https:\/\/www.normaleskildsen.mx\/biblioteca\/wp-content\/uploads\/2023\/09\/MG_9669-2048x1365.jpg 2048w\" sizes=\"(max-width: 1024px) 100vw, 1024px\" \/><\/a><\/figure>\n<\/div>\n<\/div>\n\n\n\n<p class=\"has-tiny-font-size\"><\/p>\n\n\n\n<div class=\"wp-block-columns is-layout-flex wp-container-core-columns-is-layout-28f84493 wp-block-columns-is-layout-flex\">\n<div class=\"wp-block-column is-layout-flow wp-block-column-is-layout-flow\"><\/div>\n<\/div>\n\n\n\n<div class=\"wp-block-columns is-layout-flex wp-container-core-columns-is-layout-28f84493 wp-block-columns-is-layout-flex\">\n<div class=\"wp-block-column is-layout-flow wp-block-column-is-layout-flow\"><\/div>\n<\/div>\n","protected":false},"excerpt":{"rendered":"<p>Nuestros Servicios La Biblioteca Jaime Torres Bodet, ofrece algunos servicios como lo son: pr\u00e9stamo interno, pr\u00e9stamo a domicilio, consulta, orientaci\u00f3n de usuarios y servicio de internet.<\/p>\n","protected":false},"author":1,"featured_media":0,"parent":0,"menu_order":0,"comment_status":"closed","ping_status":"closed","template":"","meta":{"_eb_attr":"","footnotes":""},"class_list":["post-320","page","type-page","status-publish","hentry"],"_links":{"self":[{"href":"https:\/\/www.normaleskildsen.mx\/biblioteca\/wp-json\/wp\/v2\/pages\/320","targetHints":{"allow":["GET"]}}],"collection":[{"href":"https:\/\/www.normaleskildsen.mx\/biblioteca\/wp-json\/wp\/v2\/pages"}],"about":[{"href":"https:\/\/www.normaleskildsen.mx\/biblioteca\/wp-json\/wp\/v2\/types\/page"}],"author":[{"embeddable":true,"href":"https:\/\/www.normaleskildsen.mx\/biblioteca\/wp-json\/wp\/v2\/users\/1"}],"replies":[{"embeddable":true,"href":"https:\/\/www.normaleskildsen.mx\/biblioteca\/wp-json\/wp\/v2\/comments?post=320"}],"version-history":[{"count":5,"href":"https:\/\/www.normaleskildsen.mx\/biblioteca\/wp-json\/wp\/v2\/pages\/320\/revisions"}],"predecessor-version":[{"id":342,"href":"https:\/\/www.normaleskildsen.mx\/biblioteca\/wp-json\/wp\/v2\/pages\/320\/revisions\/342"}],"wp:attachment":[{"href":"https:\/\/www.normaleskildsen.mx\/biblioteca\/wp-json\/wp\/v2\/media?parent=320"}],"curies":[{"name":"wp","href":"https:\/\/api.w.org\/{rel}","templated":true}]}}