{"id":351,"date":"2024-02-26T04:50:44","date_gmt":"2024-02-26T04:50:44","guid":{"rendered":"https:\/\/www.normaleskildsen.mx\/biblioteca\/?page_id=351"},"modified":"2024-03-11T02:07:45","modified_gmt":"2024-03-11T02:07:45","slug":"bibliografia-cursos-2024a","status":"publish","type":"page","link":"https:\/\/www.normaleskildsen.mx\/biblioteca\/bibliografia-cursos-2024a\/","title":{"rendered":"Bibliograf\u00eda de los Cursos"},"content":{"rendered":"\n<h2 class=\"wp-block-heading\">Malla curriculares de 2018 y 2022<\/h2>\n\n\n\n<div class=\"wp-block-columns is-layout-flex wp-container-core-columns-is-layout-28f84493 wp-block-columns-is-layout-flex\">\n<div class=\"wp-block-column is-layout-flow wp-block-column-is-layout-flow\"><\/div>\n<\/div>\n\n\n\n<div class=\"wp-block-columns is-layout-flex wp-container-core-columns-is-layout-28f84493 wp-block-columns-is-layout-flex\">\n<div class=\"wp-block-column is-layout-flow wp-block-column-is-layout-flow\"><\/div>\n<\/div>\n\n\n\n<p><\/p>\n\n\n\n<p>En este apartado podr\u00e1s encontrar archivos de Videos y documentos en Word y PDF, los cuales podr\u00e1s consultar de forma libre.<\/p>\n\n\n\n<div class=\"wp-block-columns is-layout-flex wp-container-core-columns-is-layout-28f84493 wp-block-columns-is-layout-flex\">\n<div class=\"wp-block-column is-layout-flow wp-block-column-is-layout-flow\"><\/div>\n<\/div>\n\n\n\n<div class=\"wp-block-columns is-layout-flex wp-container-core-columns-is-layout-28f84493 wp-block-columns-is-layout-flex\">\n<div class=\"wp-block-column is-layout-flow wp-block-column-is-layout-flow\"><\/div>\n<\/div>\n\n\n\n<p>Para una mejor ubicaci\u00f3n los hemos organizado en tres bloques. <\/p>\n\n\n\n<div class=\"wp-block-columns is-layout-flex wp-container-core-columns-is-layout-28f84493 wp-block-columns-is-layout-flex\">\n<div class=\"wp-block-column is-layout-flow wp-block-column-is-layout-flow\"><\/div>\n<\/div>\n\n\n\n<div class=\"wp-block-columns is-layout-flex wp-container-core-columns-is-layout-28f84493 wp-block-columns-is-layout-flex\">\n<div class=\"wp-block-column is-layout-flow wp-block-column-is-layout-flow\"><\/div>\n<\/div>\n\n\n\n<div class=\"wp-block-columns is-layout-flex wp-container-core-columns-is-layout-28f84493 wp-block-columns-is-layout-flex\">\n<div class=\"wp-block-column is-layout-flow wp-block-column-is-layout-flow\">\n<figure class=\"wp-block-image size-full\"><a href=\"https:\/\/drive.google.com\/drive\/folders\/1itsjzK7aKrLsjrjDrgq2Vfcd9EJdYgyO?usp=drive_link\"><img fetchpriority=\"high\" decoding=\"async\" width=\"819\" height=\"796\" src=\"https:\/\/www.normaleskildsen.mx\/biblioteca\/wp-content\/uploads\/2024\/02\/image-2.png\" alt=\"\" class=\"wp-image-354\" srcset=\"https:\/\/www.normaleskildsen.mx\/biblioteca\/wp-content\/uploads\/2024\/02\/image-2.png 819w, https:\/\/www.normaleskildsen.mx\/biblioteca\/wp-content\/uploads\/2024\/02\/image-2-300x292.png 300w, https:\/\/www.normaleskildsen.mx\/biblioteca\/wp-content\/uploads\/2024\/02\/image-2-768x746.png 768w\" sizes=\"(max-width: 819px) 100vw, 819px\" \/><\/a><\/figure>\n<\/div>\n\n\n\n<div class=\"wp-block-column is-layout-flow wp-block-column-is-layout-flow\">\n<figure class=\"wp-block-image size-full\"><a href=\"https:\/\/drive.google.com\/drive\/folders\/1dzNSDTfXPDtXwnoKA9AtjSSIQ-OGDs99?usp=sharing\"><img decoding=\"async\" width=\"817\" height=\"793\" src=\"https:\/\/www.normaleskildsen.mx\/biblioteca\/wp-content\/uploads\/2024\/02\/image-1.png\" alt=\"\" class=\"wp-image-353\" srcset=\"https:\/\/www.normaleskildsen.mx\/biblioteca\/wp-content\/uploads\/2024\/02\/image-1.png 817w, https:\/\/www.normaleskildsen.mx\/biblioteca\/wp-content\/uploads\/2024\/02\/image-1-300x291.png 300w, https:\/\/www.normaleskildsen.mx\/biblioteca\/wp-content\/uploads\/2024\/02\/image-1-768x745.png 768w\" sizes=\"(max-width: 817px) 100vw, 817px\" \/><\/a><\/figure>\n<\/div>\n\n\n\n<div class=\"wp-block-column is-layout-flow wp-block-column-is-layout-flow\">\n<figure class=\"wp-block-image size-full\"><a href=\"https:\/\/drive.google.com\/drive\/folders\/1W5c8SyiL-UadYuiOpLrFvjqLjHAViUm1?usp=drive_link\"><img decoding=\"async\" width=\"818\" height=\"795\" src=\"https:\/\/www.normaleskildsen.mx\/biblioteca\/wp-content\/uploads\/2024\/02\/image-3.png\" alt=\"\" class=\"wp-image-355\" srcset=\"https:\/\/www.normaleskildsen.mx\/biblioteca\/wp-content\/uploads\/2024\/02\/image-3.png 818w, https:\/\/www.normaleskildsen.mx\/biblioteca\/wp-content\/uploads\/2024\/02\/image-3-300x292.png 300w, https:\/\/www.normaleskildsen.mx\/biblioteca\/wp-content\/uploads\/2024\/02\/image-3-768x746.png 768w\" sizes=\"(max-width: 818px) 100vw, 818px\" \/><\/a><\/figure>\n<\/div>\n<\/div>\n\n\n\n<div class=\"wp-block-columns is-layout-flex wp-container-core-columns-is-layout-28f84493 wp-block-columns-is-layout-flex\">\n<div class=\"wp-block-column is-layout-flow wp-block-column-is-layout-flow\">\n<div class=\"wp-block-columns is-layout-flex wp-container-core-columns-is-layout-28f84493 wp-block-columns-is-layout-flex\">\n<div class=\"wp-block-column is-layout-flow wp-block-column-is-layout-flow\"><\/div>\n<\/div>\n<\/div>\n\n\n\n<div class=\"wp-block-column is-layout-flow wp-block-column-is-layout-flow\">\n<div class=\"wp-block-columns is-layout-flex wp-container-core-columns-is-layout-28f84493 wp-block-columns-is-layout-flex\">\n<div class=\"wp-block-column is-layout-flow wp-block-column-is-layout-flow\"><\/div>\n<\/div>\n<\/div>\n\n\n\n<div class=\"wp-block-column is-layout-flow wp-block-column-is-layout-flow\"><\/div>\n<\/div>\n\n\n\n<p><\/p>\n\n\n\n<div class=\"wp-block-columns is-layout-flex wp-container-core-columns-is-layout-28f84493 wp-block-columns-is-layout-flex\">\n<div class=\"wp-block-column is-layout-flow wp-block-column-is-layout-flow\"><\/div>\n<\/div>\n\n\n\n<div class=\"wp-block-columns is-layout-flex wp-container-core-columns-is-layout-28f84493 wp-block-columns-is-layout-flex\">\n<div class=\"wp-block-column is-layout-flow wp-block-column-is-layout-flow\"><\/div>\n<\/div>\n","protected":false},"excerpt":{"rendered":"<p>Malla curriculares de 2018 y 2022 En este apartado podr\u00e1s encontrar archivos de Videos y documentos en Word y PDF, los cuales podr\u00e1s consultar de forma libre. Para una mejor ubicaci\u00f3n los hemos organizado en tres bloques.<\/p>\n","protected":false},"author":1,"featured_media":0,"parent":0,"menu_order":0,"comment_status":"closed","ping_status":"closed","template":"","meta":{"_eb_attr":"","footnotes":""},"class_list":["post-351","page","type-page","status-publish","hentry"],"_links":{"self":[{"href":"https:\/\/www.normaleskildsen.mx\/biblioteca\/wp-json\/wp\/v2\/pages\/351","targetHints":{"allow":["GET"]}}],"collection":[{"href":"https:\/\/www.normaleskildsen.mx\/biblioteca\/wp-json\/wp\/v2\/pages"}],"about":[{"href":"https:\/\/www.normaleskildsen.mx\/biblioteca\/wp-json\/wp\/v2\/types\/page"}],"author":[{"embeddable":true,"href":"https:\/\/www.normaleskildsen.mx\/biblioteca\/wp-json\/wp\/v2\/users\/1"}],"replies":[{"embeddable":true,"href":"https:\/\/www.normaleskildsen.mx\/biblioteca\/wp-json\/wp\/v2\/comments?post=351"}],"version-history":[{"count":10,"href":"https:\/\/www.normaleskildsen.mx\/biblioteca\/wp-json\/wp\/v2\/pages\/351\/revisions"}],"predecessor-version":[{"id":384,"href":"https:\/\/www.normaleskildsen.mx\/biblioteca\/wp-json\/wp\/v2\/pages\/351\/revisions\/384"}],"wp:attachment":[{"href":"https:\/\/www.normaleskildsen.mx\/biblioteca\/wp-json\/wp\/v2\/media?parent=351"}],"curies":[{"name":"wp","href":"https:\/\/api.w.org\/{rel}","templated":true}]}}