{"id":63,"date":"2023-07-20T01:38:09","date_gmt":"2023-07-20T01:38:09","guid":{"rendered":"https:\/\/www.normaleskildsen.mx\/biblioteca\/?page_id=63"},"modified":"2023-08-14T02:31:36","modified_gmt":"2023-08-14T02:31:36","slug":"quienes-somos","status":"publish","type":"page","link":"https:\/\/www.normaleskildsen.mx\/biblioteca\/quienes-somos\/","title":{"rendered":"Qui\u00e9nes somos"},"content":{"rendered":"\n<div class=\"wp-block-columns is-layout-flex wp-container-core-columns-is-layout-28f84493 wp-block-columns-is-layout-flex\">\n<div class=\"wp-block-column is-layout-flow wp-block-column-is-layout-flow\">\n<p><\/p>\n<\/div>\n<\/div>\n\n\n\n<div class=\"wp-block-columns is-layout-flex wp-container-core-columns-is-layout-28f84493 wp-block-columns-is-layout-flex\">\n<div class=\"wp-block-column is-layout-flow wp-block-column-is-layout-flow\">\n<p class=\"has-small-font-size\"><\/p>\n\n\n\n<div class=\"wp-block-columns is-layout-flex wp-container-core-columns-is-layout-28f84493 wp-block-columns-is-layout-flex\">\n<div class=\"wp-block-column is-layout-flow wp-block-column-is-layout-flow\" style=\"flex-basis:33.33%\">\n<figure class=\"wp-block-image aligncenter size-large is-resized has-custom-border\"><img fetchpriority=\"high\" decoding=\"async\" src=\"https:\/\/www.normaleskildsen.mx\/biblioteca\/wp-content\/uploads\/2023\/07\/MG_9677-edited-scaled.jpg\" alt=\"\" class=\"has-border-color has-luminous-vivid-amber-border-color wp-image-69\" style=\"border-width:1px;border-radius:17px\" width=\"253\" height=\"449\" srcset=\"https:\/\/www.normaleskildsen.mx\/biblioteca\/wp-content\/uploads\/2023\/07\/MG_9677-edited-scaled.jpg 1441w, https:\/\/www.normaleskildsen.mx\/biblioteca\/wp-content\/uploads\/2023\/07\/MG_9677-edited-169x300.jpg 169w, https:\/\/www.normaleskildsen.mx\/biblioteca\/wp-content\/uploads\/2023\/07\/MG_9677-edited-576x1024.jpg 576w, https:\/\/www.normaleskildsen.mx\/biblioteca\/wp-content\/uploads\/2023\/07\/MG_9677-edited-768x1365.jpg 768w, https:\/\/www.normaleskildsen.mx\/biblioteca\/wp-content\/uploads\/2023\/07\/MG_9677-edited-864x1536.jpg 864w, https:\/\/www.normaleskildsen.mx\/biblioteca\/wp-content\/uploads\/2023\/07\/MG_9677-edited-1153x2048.jpg 1153w\" sizes=\"(max-width: 253px) 100vw, 253px\" \/><\/figure>\n<\/div>\n\n\n\n<div class=\"wp-block-column is-layout-flow wp-block-column-is-layout-flow\" style=\"flex-basis:66.66%\">\n<p class=\"has-secondary-color has-text-color has-small-font-size\"><strong>Qui\u00e9nes somos.<\/strong><\/p>\n\n\n\n<p class=\"has-tiny-font-size\">La<strong> Biblioteca \u201cJaime Torres Bodet\u201d<\/strong>, es un \u00e1rea de la <em>Escuela \u201cRosario Mar\u00eda Guti\u00e9rrez Eskildsen\u201d<\/em>, en donde se imparten las Licenciaturas en Educaci\u00f3n Primaria y Preescolar. <\/p>\n\n\n\n<p class=\"has-tiny-font-size\">Est\u00e1 dedicada a la <strong>atenci\u00f3n y prestaci\u00f3n de servicios<\/strong> para la consulta e investigaci\u00f3n de libros, tanto de los que pertenecen a las mallas curriculares, los libros de textos utilizados en las escuelas primarias como de t\u00f3picos diversos.<\/p>\n\n\n\n<p class=\"has-tiny-font-size\">Est\u00e1 asentada dentro del espacio de la propia escuela en una superficie de 476 m<sup>2<\/sup>, planta baja; alberga alrededor de 7000 vol\u00famenes, todos puestos a disposici\u00f3n de los visitantes, sean alumnos de la propia instituci\u00f3n o externos.<\/p>\n\n\n\n<p class=\"has-tiny-font-size\">La biblioteca permanece abierta al p\u00fablico en general, de lunes a viernes en un horario de 7:00 a 20:00 horas.<\/p>\n<\/div>\n<\/div>\n\n\n\n<p><\/p>\n\n\n\n<div class=\"wp-block-columns is-layout-flex wp-container-core-columns-is-layout-28f84493 wp-block-columns-is-layout-flex\">\n<div class=\"wp-block-column is-layout-flow wp-block-column-is-layout-flow\"><\/div>\n<\/div>\n\n\n\n<p><\/p>\n\n\n\n<p><\/p>\n<\/div>\n<\/div>\n","protected":false},"excerpt":{"rendered":"<p>Qui\u00e9nes somos. La Biblioteca \u201cJaime Torres Bodet\u201d, es un \u00e1rea de la Escuela \u201cRosario Mar\u00eda Guti\u00e9rrez Eskildsen\u201d, en donde se imparten las Licenciaturas en Educaci\u00f3n Primaria y Preescolar. Est\u00e1 dedicada a la atenci\u00f3n y prestaci\u00f3n de servicios para la consulta e investigaci\u00f3n de libros, tanto de los que pertenecen a las mallas curriculares, los libros de textos utilizados en las escuelas primarias como de t\u00f3picos diversos. Est\u00e1 asentada dentro del espacio de la propia escuela en una superficie de 476 m2, planta baja; alberga alrededor de 7000 vol\u00famenes, todos puestos a disposici\u00f3n de los visitantes, sean alumnos de la propia<\/p>\n","protected":false},"author":1,"featured_media":0,"parent":0,"menu_order":0,"comment_status":"closed","ping_status":"closed","template":"","meta":{"_eb_attr":"","footnotes":""},"class_list":["post-63","page","type-page","status-publish","hentry"],"_links":{"self":[{"href":"https:\/\/www.normaleskildsen.mx\/biblioteca\/wp-json\/wp\/v2\/pages\/63","targetHints":{"allow":["GET"]}}],"collection":[{"href":"https:\/\/www.normaleskildsen.mx\/biblioteca\/wp-json\/wp\/v2\/pages"}],"about":[{"href":"https:\/\/www.normaleskildsen.mx\/biblioteca\/wp-json\/wp\/v2\/types\/page"}],"author":[{"embeddable":true,"href":"https:\/\/www.normaleskildsen.mx\/biblioteca\/wp-json\/wp\/v2\/users\/1"}],"replies":[{"embeddable":true,"href":"https:\/\/www.normaleskildsen.mx\/biblioteca\/wp-json\/wp\/v2\/comments?post=63"}],"version-history":[{"count":13,"href":"https:\/\/www.normaleskildsen.mx\/biblioteca\/wp-json\/wp\/v2\/pages\/63\/revisions"}],"predecessor-version":[{"id":131,"href":"https:\/\/www.normaleskildsen.mx\/biblioteca\/wp-json\/wp\/v2\/pages\/63\/revisions\/131"}],"wp:attachment":[{"href":"https:\/\/www.normaleskildsen.mx\/biblioteca\/wp-json\/wp\/v2\/media?parent=63"}],"curies":[{"name":"wp","href":"https:\/\/api.w.org\/{rel}","templated":true}]}}