{"id":75,"date":"2023-07-20T02:29:45","date_gmt":"2023-07-20T02:29:45","guid":{"rendered":"https:\/\/www.normaleskildsen.mx\/biblioteca\/?page_id=75"},"modified":"2023-08-14T02:30:49","modified_gmt":"2023-08-14T02:30:49","slug":"nuestra-historia","status":"publish","type":"page","link":"https:\/\/www.normaleskildsen.mx\/biblioteca\/nuestra-historia\/","title":{"rendered":"Nuestra historia"},"content":{"rendered":"\n<p><\/p>\n\n\n\n<div class=\"wp-block-columns is-layout-flex wp-container-core-columns-is-layout-28f84493 wp-block-columns-is-layout-flex\">\n<div class=\"wp-block-column is-layout-flow wp-block-column-is-layout-flow\" style=\"flex-basis:66.66%\">\n<p class=\"has-secondary-color has-text-color has-small-font-size\"><strong>Nuestra historia.<\/strong><\/p>\n\n\n\n<p class=\"has-text-align-left has-tiny-font-size\">La<strong> Biblioteca \u201cJaime Torres Bodet\u201d<\/strong>, es un \u00e1rea de la <em>Escuela<\/em><strong><em> \u201cRosario Mar\u00eda Guti\u00e9rrez Eskildsen\u201d<\/em> <\/strong>y tiene como objetivo principal atender y profesionalizar la educaci\u00f3n de <strong>los docentes en formaci\u00f3n<\/strong>, ya que es considera como una instituci\u00f3n de nivel superior, con calidad y sentido humanista. <strong>Cuenta con dos turnos el nivel primario en el turno matutino y nivel preescolar en el turno vespertino. <\/strong>El nombre de la Biblioteca es en honor al escritor, ensayista, poeta, diplom\u00e1tico y funcionario p\u00fablico mexicano: <strong>\u00abJaime Torres Bodet\u00bb,<\/strong> nacido el 17 de abril del 1902 en la Ciudad de M\u00e9xico, dedicado a escribir desde muy peque\u00f1o, su primer libro de poemas,<strong>&nbsp;\u00ab<em>Fervor\u00bb<\/em><\/strong><em>&nbsp;<\/em>fue publicado en 1918, cuando \u00e9l ten\u00eda 16 a\u00f1os. Desde la SEP., dirigi\u00f3 <strong>el Plan de Once A\u00f1os para la Extensi\u00f3n y el Mejoramiento de la Ense\u00f1anza Primaria,<\/strong> y puso en marcha el Sistema de los Libros de texto Gratuitos, creando, adem\u00e1s, los primeros 30 centros de Capacitaci\u00f3n para Trabajo Industrial, que <strong>supusieron<\/strong> un importante impulso para la formaci\u00f3n profesional en M\u00e9xico. <\/p>\n\n\n\n<p class=\"has-tiny-font-size\">Tambi\u00e9n siendo Secretario de Educaci\u00f3n P\u00fablica, promovi\u00f3 la Campa\u00f1a Nacional contra el Analfabetismo, cre\u00f3 el Instituto de Capacitaci\u00f3n del Magisterio, organiz\u00f3 la Comisi\u00f3n Revisora de Planes y Programas, inici\u00f3 la Biblioteca Enciclop\u00e9dica Popular, dirigi\u00f3 el valioso compendio M\u00e9xico y la cultura (1946), construy\u00f3 numerosas escuelas y <strong>se\u00f1aladamente<\/strong>, la Escuela Normal para Maestros, la Escuela Normal Superior y el Conservatorio Nacional en la Ciudad de M\u00e9xico. Fungi\u00f3 como director general de la UNESCO de 1948 a 1952.\u200b Su trabajo en la alfabetizaci\u00f3n ha sido reconocido, adem\u00e1s de haber<strong>( Escribir el significado de la UNESCO.)<\/strong> Implementado la pol\u00edtica de relaciones exteriores durante los inicios de la Guerra Fr\u00eda. Perteneci\u00f3 al grupo de Los Contempor\u00e1neos. Sus memorias se editaron en seis vol\u00famenes en 1955, 1970, 1971, 1972 y 1974.<\/p>\n<\/div>\n\n\n\n<div class=\"wp-block-column is-layout-flow wp-block-column-is-layout-flow\" style=\"flex-basis:33.33%\">\n<figure class=\"wp-block-image aligncenter size-full is-resized has-custom-border\"><img fetchpriority=\"high\" decoding=\"async\" src=\"https:\/\/www.normaleskildsen.mx\/biblioteca\/wp-content\/uploads\/2023\/07\/tores-bodet2-edited.jpg\" alt=\"\" class=\"has-border-color has-luminous-vivid-amber-border-color wp-image-83\" style=\"border-radius:17px\" width=\"328\" height=\"525\" srcset=\"https:\/\/www.normaleskildsen.mx\/biblioteca\/wp-content\/uploads\/2023\/07\/tores-bodet2-edited.jpg 468w, https:\/\/www.normaleskildsen.mx\/biblioteca\/wp-content\/uploads\/2023\/07\/tores-bodet2-edited-188x300.jpg 188w\" sizes=\"(max-width: 328px) 100vw, 328px\" \/><\/figure>\n<\/div>\n<\/div>\n\n\n\n<div class=\"wp-block-columns is-layout-flex wp-container-core-columns-is-layout-28f84493 wp-block-columns-is-layout-flex\">\n<div class=\"wp-block-column is-layout-flow wp-block-column-is-layout-flow\">\n<p class=\"has-secondary-color has-text-color has-small-font-size\"><strong>Antecedentes.<\/strong><\/p>\n\n\n\n<p class=\"has-tiny-font-size\">El 10 de agosto de 1955 se elimina la denominaci\u00f3n de <em>La Granja<\/em> por \u201cEscuela Normal Rural del Estado\u00bb y en 1963 deja de fungir como internado; es de suponerse que la escuela ya contaba con una biblioteca. En1971 siendo gobernador del Estado de Tabasco, el Licenciado Mario Trujillo Garc\u00eda toma la decisi\u00f3n del traslado de la Escuela \u201c<em>La Granja<\/em>\u201d<em>, <\/em>ubicada a orilla de la <em>Laguna de las Ilusiones<\/em> en el Fraccionamiento Framboyanes, a la Cerrada de Ignacio Guti\u00e9rrez S\/N al edificio ubicado en la calle Ignacio Guti\u00e9rrez S\/N de la Col. Gil y S\u00e1enz del municipio de Centro, Villahermosa, Tabasco, siendo Director el Profesor Ricardo Aguilar Guti\u00e9rrez. <\/p>\n\n\n\n<p class=\"has-tiny-font-size\">En 1984, se crean dos turnos, uno para Educaci\u00f3n Preescolar y el otro para Educaci\u00f3n Primaria, siendo Director en turno el Profesor Argentino Baeza Cruz. Por Decreto del D.O.E. 14\/V\/1979, se distingue a la Escuela Normal con el Nombre de la excelsa <em>Dra. \u201cRosario Mar\u00eda Guti\u00e9rrez Eskildsen<\/em>\u201d, ling\u00fcista, educadora y poetisa, nacida en Villahermosa, fue pionera como maestra y pedagoga de Tabasco, M\u00e9xico y el Extranjero. <\/p>\n\n\n\n<p class=\"has-tiny-font-size\">Hoy, dicha Instituci\u00f3n es conocida como <strong>Escuela \u00abRosario Mar\u00eda Guti\u00e9rrez Eskildsen\u00bb<\/strong>, nombre puesto en memoria de la Benem\u00e9rita Dra. Rosario Mar\u00eda Guti\u00e9rrez Eskildsen. Con el establecimiento del Decreto Nacional de 1984, se establece el Plan de Estudios de Educaci\u00f3n Normal a nivel Licenciatura, cambio importante para la vida profesional de los maestros y maestras de M\u00e9xico.<strong>(Garc\u00eda Bravata 2021)<\/strong>.<\/p>\n\n\n\n<p><\/p>\n\n\n\n<div class=\"wp-block-columns is-layout-flex wp-container-core-columns-is-layout-28f84493 wp-block-columns-is-layout-flex\">\n<div class=\"wp-block-column is-layout-flow wp-block-column-is-layout-flow\">\n<figure class=\"wp-block-image size-large has-custom-border\"><img decoding=\"async\" width=\"1024\" height=\"683\" src=\"https:\/\/www.normaleskildsen.mx\/biblioteca\/wp-content\/uploads\/2023\/07\/MG_9572-1024x683.jpg\" alt=\"\" class=\"has-border-color has-luminous-vivid-amber-border-color wp-image-20\" style=\"border-radius:17px\" srcset=\"https:\/\/www.normaleskildsen.mx\/biblioteca\/wp-content\/uploads\/2023\/07\/MG_9572-1024x683.jpg 1024w, https:\/\/www.normaleskildsen.mx\/biblioteca\/wp-content\/uploads\/2023\/07\/MG_9572-300x200.jpg 300w, https:\/\/www.normaleskildsen.mx\/biblioteca\/wp-content\/uploads\/2023\/07\/MG_9572-768x512.jpg 768w, https:\/\/www.normaleskildsen.mx\/biblioteca\/wp-content\/uploads\/2023\/07\/MG_9572-1536x1024.jpg 1536w, https:\/\/www.normaleskildsen.mx\/biblioteca\/wp-content\/uploads\/2023\/07\/MG_9572-2048x1365.jpg 2048w\" sizes=\"(max-width: 1024px) 100vw, 1024px\" \/><\/figure>\n<\/div>\n\n\n\n<div class=\"wp-block-column is-layout-flow wp-block-column-is-layout-flow\">\n<figure class=\"wp-block-image size-large has-custom-border\"><img decoding=\"async\" width=\"1024\" height=\"683\" src=\"https:\/\/www.normaleskildsen.mx\/biblioteca\/wp-content\/uploads\/2023\/07\/MG_9554-1024x683.jpg\" alt=\"\" class=\"has-border-color has-luminous-vivid-amber-border-color wp-image-8\" style=\"border-radius:17px\" srcset=\"https:\/\/www.normaleskildsen.mx\/biblioteca\/wp-content\/uploads\/2023\/07\/MG_9554-1024x683.jpg 1024w, https:\/\/www.normaleskildsen.mx\/biblioteca\/wp-content\/uploads\/2023\/07\/MG_9554-300x200.jpg 300w, https:\/\/www.normaleskildsen.mx\/biblioteca\/wp-content\/uploads\/2023\/07\/MG_9554-768x512.jpg 768w, https:\/\/www.normaleskildsen.mx\/biblioteca\/wp-content\/uploads\/2023\/07\/MG_9554-1536x1024.jpg 1536w, https:\/\/www.normaleskildsen.mx\/biblioteca\/wp-content\/uploads\/2023\/07\/MG_9554-2048x1365.jpg 2048w\" sizes=\"(max-width: 1024px) 100vw, 1024px\" \/><\/figure>\n<\/div>\n\n\n\n<div class=\"wp-block-column is-layout-flow wp-block-column-is-layout-flow\">\n<figure class=\"wp-block-image size-large has-custom-border\"><img loading=\"lazy\" decoding=\"async\" width=\"1024\" height=\"683\" src=\"https:\/\/www.normaleskildsen.mx\/biblioteca\/wp-content\/uploads\/2023\/07\/MG_9559-1024x683.jpg\" alt=\"\" class=\"has-border-color has-luminous-vivid-amber-border-color wp-image-9\" style=\"border-radius:17px\" srcset=\"https:\/\/www.normaleskildsen.mx\/biblioteca\/wp-content\/uploads\/2023\/07\/MG_9559-1024x683.jpg 1024w, https:\/\/www.normaleskildsen.mx\/biblioteca\/wp-content\/uploads\/2023\/07\/MG_9559-300x200.jpg 300w, https:\/\/www.normaleskildsen.mx\/biblioteca\/wp-content\/uploads\/2023\/07\/MG_9559-768x512.jpg 768w, https:\/\/www.normaleskildsen.mx\/biblioteca\/wp-content\/uploads\/2023\/07\/MG_9559-1536x1024.jpg 1536w, https:\/\/www.normaleskildsen.mx\/biblioteca\/wp-content\/uploads\/2023\/07\/MG_9559-2048x1365.jpg 2048w\" sizes=\"(max-width: 1024px) 100vw, 1024px\" \/><\/figure>\n<\/div>\n<\/div>\n<\/div>\n<\/div>\n\n\n\n<div class=\"wp-block-columns is-layout-flex wp-container-core-columns-is-layout-28f84493 wp-block-columns-is-layout-flex\">\n<div class=\"wp-block-column is-layout-flow wp-block-column-is-layout-flow\">\n<p><\/p>\n\n\n\n<div class=\"wp-block-columns is-layout-flex wp-container-core-columns-is-layout-28f84493 wp-block-columns-is-layout-flex\">\n<div class=\"wp-block-column is-layout-flow wp-block-column-is-layout-flow\"><\/div>\n<\/div>\n\n\n\n<p><\/p>\n\n\n\n<p><\/p>\n<\/div>\n<\/div>\n","protected":false},"excerpt":{"rendered":"<p>Nuestra historia. La Biblioteca \u201cJaime Torres Bodet\u201d, es un \u00e1rea de la Escuela \u201cRosario Mar\u00eda Guti\u00e9rrez Eskildsen\u201d y tiene como objetivo principal atender y profesionalizar la educaci\u00f3n de los docentes en formaci\u00f3n, ya que es considera como una instituci\u00f3n de nivel superior, con calidad y sentido humanista. Cuenta con dos turnos el nivel primario en el turno matutino y nivel preescolar en el turno vespertino. El nombre de la Biblioteca es en honor al escritor, ensayista, poeta, diplom\u00e1tico y funcionario p\u00fablico mexicano: \u00abJaime Torres Bodet\u00bb, nacido el 17 de abril del 1902 en la Ciudad de M\u00e9xico, dedicado a escribir<\/p>\n","protected":false},"author":1,"featured_media":0,"parent":0,"menu_order":0,"comment_status":"closed","ping_status":"closed","template":"","meta":{"_eb_attr":"","footnotes":""},"class_list":["post-75","page","type-page","status-publish","hentry"],"_links":{"self":[{"href":"https:\/\/www.normaleskildsen.mx\/biblioteca\/wp-json\/wp\/v2\/pages\/75","targetHints":{"allow":["GET"]}}],"collection":[{"href":"https:\/\/www.normaleskildsen.mx\/biblioteca\/wp-json\/wp\/v2\/pages"}],"about":[{"href":"https:\/\/www.normaleskildsen.mx\/biblioteca\/wp-json\/wp\/v2\/types\/page"}],"author":[{"embeddable":true,"href":"https:\/\/www.normaleskildsen.mx\/biblioteca\/wp-json\/wp\/v2\/users\/1"}],"replies":[{"embeddable":true,"href":"https:\/\/www.normaleskildsen.mx\/biblioteca\/wp-json\/wp\/v2\/comments?post=75"}],"version-history":[{"count":5,"href":"https:\/\/www.normaleskildsen.mx\/biblioteca\/wp-json\/wp\/v2\/pages\/75\/revisions"}],"predecessor-version":[{"id":129,"href":"https:\/\/www.normaleskildsen.mx\/biblioteca\/wp-json\/wp\/v2\/pages\/75\/revisions\/129"}],"wp:attachment":[{"href":"https:\/\/www.normaleskildsen.mx\/biblioteca\/wp-json\/wp\/v2\/media?parent=75"}],"curies":[{"name":"wp","href":"https:\/\/api.w.org\/{rel}","templated":true}]}}